{"id":1970,"date":"2019-08-23T20:22:10","date_gmt":"2019-08-23T17:22:10","guid":{"rendered":"https:\/\/ratethejob.com\/?page_id=1970"},"modified":"2025-01-22T11:10:37","modified_gmt":"2025-01-22T09:10:37","slug":"etusivu","status":"publish","type":"page","link":"https:\/\/ratethejob.com\/fi\/","title":{"rendered":"Etusivu"},"content":{"rendered":"","protected":false},"excerpt":{"rendered":"","protected":false},"author":11,"featured_media":2109,"parent":0,"menu_order":0,"comment_status":"closed","ping_status":"closed","template":"","meta":{"footnotes":""},"class_list":["post-1970","page","type-page","status-publish","has-post-thumbnail","hentry"],"acf":[],"yoast_head":"<!-- This site is optimized with the Yoast SEO plugin v27.3 - https:\/\/yoast.com\/product\/yoast-seo-wordpress\/ -->\n<title>Etusivu - Rate the job<\/title>\n<meta name=\"description\" content=\"Kerro nimett\u00f6m\u00e4n\u00e4, onko teill\u00e4 ty\u00f6ntekij\u00e4 kingi, tekeek\u00f6 ty\u00f6nantaja asiat erityisen hyvin vai olisiko jossain parantamisen varaa, jotta muut saavat tietoa, millainen yritys on ty\u00f6nantajana.\" \/>\n<meta name=\"robots\" content=\"index, follow, max-snippet:-1, max-image-preview:large, max-video-preview:-1\" \/>\n<link rel=\"canonical\" href=\"https:\/\/ratethejob.com\/fi\/\" \/>\n<meta property=\"og:locale\" content=\"fi_FI\" \/>\n<meta property=\"og:type\" content=\"article\" \/>\n<meta property=\"og:title\" content=\"Etusivu - Rate the job\" \/>\n<meta property=\"og:description\" content=\"Kerro nimett\u00f6m\u00e4n\u00e4, onko teill\u00e4 ty\u00f6ntekij\u00e4 kingi, tekeek\u00f6 ty\u00f6nantaja asiat erityisen hyvin vai olisiko jossain parantamisen varaa, jotta muut saavat tietoa, millainen yritys on ty\u00f6nantajana.\" \/>\n<meta property=\"og:url\" content=\"https:\/\/ratethejob.com\/fi\/\" \/>\n<meta property=\"og:site_name\" content=\"Rate the job\" \/>\n<meta property=\"article:modified_time\" content=\"2025-01-22T09:10:37+00:00\" \/>\n<meta property=\"og:image\" content=\"https:\/\/ratethejob.com\/wp-content\/uploads\/2019\/08\/banner_1.jpg\" \/>\n\t<meta property=\"og:image:width\" content=\"1300\" \/>\n\t<meta property=\"og:image:height\" content=\"445\" \/>\n\t<meta property=\"og:image:type\" content=\"image\/jpeg\" \/>\n<meta name=\"twitter:card\" content=\"summary_large_image\" \/>\n<meta name=\"twitter:label1\" content=\"Est. reading time\" \/>\n\t<meta name=\"twitter:data1\" content=\"1 minute\" \/>\n<script type=\"application\/ld+json\" class=\"yoast-schema-graph\">{\"@context\":\"https:\\\/\\\/schema.org\",\"@graph\":[{\"@type\":\"WebPage\",\"@id\":\"https:\\\/\\\/ratethejob.com\\\/fi\\\/\",\"url\":\"https:\\\/\\\/ratethejob.com\\\/fi\\\/\",\"name\":\"Etusivu - Rate the job\",\"isPartOf\":{\"@id\":\"https:\\\/\\\/ratethejob.com\\\/#website\"},\"primaryImageOfPage\":{\"@id\":\"https:\\\/\\\/ratethejob.com\\\/fi\\\/#primaryimage\"},\"image\":{\"@id\":\"https:\\\/\\\/ratethejob.com\\\/fi\\\/#primaryimage\"},\"thumbnailUrl\":\"https:\\\/\\\/ratethejob.com\\\/wp-content\\\/uploads\\\/2019\\\/08\\\/banner_1.jpg\",\"datePublished\":\"2019-08-23T17:22:10+00:00\",\"dateModified\":\"2025-01-22T09:10:37+00:00\",\"description\":\"Kerro nimett\u00f6m\u00e4n\u00e4, onko teill\u00e4 ty\u00f6ntekij\u00e4 kingi, tekeek\u00f6 ty\u00f6nantaja asiat erityisen hyvin vai olisiko jossain parantamisen varaa, jotta muut saavat tietoa, millainen yritys on ty\u00f6nantajana.\",\"breadcrumb\":{\"@id\":\"https:\\\/\\\/ratethejob.com\\\/fi\\\/#breadcrumb\"},\"inLanguage\":\"fi\",\"potentialAction\":[{\"@type\":\"ReadAction\",\"target\":[\"https:\\\/\\\/ratethejob.com\\\/fi\\\/\"]}]},{\"@type\":\"ImageObject\",\"inLanguage\":\"fi\",\"@id\":\"https:\\\/\\\/ratethejob.com\\\/fi\\\/#primaryimage\",\"url\":\"https:\\\/\\\/ratethejob.com\\\/wp-content\\\/uploads\\\/2019\\\/08\\\/banner_1.jpg\",\"contentUrl\":\"https:\\\/\\\/ratethejob.com\\\/wp-content\\\/uploads\\\/2019\\\/08\\\/banner_1.jpg\",\"width\":1300,\"height\":445},{\"@type\":\"BreadcrumbList\",\"@id\":\"https:\\\/\\\/ratethejob.com\\\/fi\\\/#breadcrumb\",\"itemListElement\":[{\"@type\":\"ListItem\",\"position\":1,\"name\":\"Home\",\"item\":\"https:\\\/\\\/ratethejob.com\\\/fi\\\/\"},{\"@type\":\"ListItem\",\"position\":2,\"name\":\"Etusivu\"}]},{\"@type\":\"WebSite\",\"@id\":\"https:\\\/\\\/ratethejob.com\\\/#website\",\"url\":\"https:\\\/\\\/ratethejob.com\\\/\",\"name\":\"Rate the job\",\"description\":\"\",\"potentialAction\":[{\"@type\":\"SearchAction\",\"target\":{\"@type\":\"EntryPoint\",\"urlTemplate\":\"https:\\\/\\\/ratethejob.com\\\/?s={search_term_string}\"},\"query-input\":{\"@type\":\"PropertyValueSpecification\",\"valueRequired\":true,\"valueName\":\"search_term_string\"}}],\"inLanguage\":\"fi\"}]}<\/script>\n<!-- \/ Yoast SEO plugin. -->","yoast_head_json":{"title":"Etusivu - Rate the job","description":"Kerro nimett\u00f6m\u00e4n\u00e4, onko teill\u00e4 ty\u00f6ntekij\u00e4 kingi, tekeek\u00f6 ty\u00f6nantaja asiat erityisen hyvin vai olisiko jossain parantamisen varaa, jotta muut saavat tietoa, millainen yritys on ty\u00f6nantajana.","robots":{"index":"index","follow":"follow","max-snippet":"max-snippet:-1","max-image-preview":"max-image-preview:large","max-video-preview":"max-video-preview:-1"},"canonical":"https:\/\/ratethejob.com\/fi\/","og_locale":"fi_FI","og_type":"article","og_title":"Etusivu - Rate the job","og_description":"Kerro nimett\u00f6m\u00e4n\u00e4, onko teill\u00e4 ty\u00f6ntekij\u00e4 kingi, tekeek\u00f6 ty\u00f6nantaja asiat erityisen hyvin vai olisiko jossain parantamisen varaa, jotta muut saavat tietoa, millainen yritys on ty\u00f6nantajana.","og_url":"https:\/\/ratethejob.com\/fi\/","og_site_name":"Rate the job","article_modified_time":"2025-01-22T09:10:37+00:00","og_image":[{"width":1300,"height":445,"url":"https:\/\/ratethejob.com\/wp-content\/uploads\/2019\/08\/banner_1.jpg","type":"image\/jpeg"}],"twitter_card":"summary_large_image","twitter_misc":{"Est. reading time":"1 minute"},"schema":{"@context":"https:\/\/schema.org","@graph":[{"@type":"WebPage","@id":"https:\/\/ratethejob.com\/fi\/","url":"https:\/\/ratethejob.com\/fi\/","name":"Etusivu - Rate the job","isPartOf":{"@id":"https:\/\/ratethejob.com\/#website"},"primaryImageOfPage":{"@id":"https:\/\/ratethejob.com\/fi\/#primaryimage"},"image":{"@id":"https:\/\/ratethejob.com\/fi\/#primaryimage"},"thumbnailUrl":"https:\/\/ratethejob.com\/wp-content\/uploads\/2019\/08\/banner_1.jpg","datePublished":"2019-08-23T17:22:10+00:00","dateModified":"2025-01-22T09:10:37+00:00","description":"Kerro nimett\u00f6m\u00e4n\u00e4, onko teill\u00e4 ty\u00f6ntekij\u00e4 kingi, tekeek\u00f6 ty\u00f6nantaja asiat erityisen hyvin vai olisiko jossain parantamisen varaa, jotta muut saavat tietoa, millainen yritys on ty\u00f6nantajana.","breadcrumb":{"@id":"https:\/\/ratethejob.com\/fi\/#breadcrumb"},"inLanguage":"fi","potentialAction":[{"@type":"ReadAction","target":["https:\/\/ratethejob.com\/fi\/"]}]},{"@type":"ImageObject","inLanguage":"fi","@id":"https:\/\/ratethejob.com\/fi\/#primaryimage","url":"https:\/\/ratethejob.com\/wp-content\/uploads\/2019\/08\/banner_1.jpg","contentUrl":"https:\/\/ratethejob.com\/wp-content\/uploads\/2019\/08\/banner_1.jpg","width":1300,"height":445},{"@type":"BreadcrumbList","@id":"https:\/\/ratethejob.com\/fi\/#breadcrumb","itemListElement":[{"@type":"ListItem","position":1,"name":"Home","item":"https:\/\/ratethejob.com\/fi\/"},{"@type":"ListItem","position":2,"name":"Etusivu"}]},{"@type":"WebSite","@id":"https:\/\/ratethejob.com\/#website","url":"https:\/\/ratethejob.com\/","name":"Rate the job","description":"","potentialAction":[{"@type":"SearchAction","target":{"@type":"EntryPoint","urlTemplate":"https:\/\/ratethejob.com\/?s={search_term_string}"},"query-input":{"@type":"PropertyValueSpecification","valueRequired":true,"valueName":"search_term_string"}}],"inLanguage":"fi"}]}},"_links":{"self":[{"href":"https:\/\/ratethejob.com\/fi\/wp-json\/wp\/v2\/pages\/1970","targetHints":{"allow":["GET"]}}],"collection":[{"href":"https:\/\/ratethejob.com\/fi\/wp-json\/wp\/v2\/pages"}],"about":[{"href":"https:\/\/ratethejob.com\/fi\/wp-json\/wp\/v2\/types\/page"}],"author":[{"embeddable":true,"href":"https:\/\/ratethejob.com\/fi\/wp-json\/wp\/v2\/users\/11"}],"replies":[{"embeddable":true,"href":"https:\/\/ratethejob.com\/fi\/wp-json\/wp\/v2\/comments?post=1970"}],"version-history":[{"count":3,"href":"https:\/\/ratethejob.com\/fi\/wp-json\/wp\/v2\/pages\/1970\/revisions"}],"predecessor-version":[{"id":5265,"href":"https:\/\/ratethejob.com\/fi\/wp-json\/wp\/v2\/pages\/1970\/revisions\/5265"}],"wp:featuredmedia":[{"embeddable":true,"href":"https:\/\/ratethejob.com\/fi\/wp-json\/wp\/v2\/media\/2109"}],"wp:attachment":[{"href":"https:\/\/ratethejob.com\/fi\/wp-json\/wp\/v2\/media?parent=1970"}],"curies":[{"name":"wp","href":"https:\/\/api.w.org\/{rel}","templated":true}]}}