{"id":2018,"date":"2019-08-23T08:45:59","date_gmt":"2019-08-23T05:45:59","guid":{"rendered":"https:\/\/ratethejob.com\/?page_id=2018"},"modified":"2019-08-23T08:45:59","modified_gmt":"2019-08-23T05:45:59","slug":"create-company","status":"publish","type":"page","link":"https:\/\/ratethejob.com\/fi\/create-company\/","title":{"rendered":"Create company"},"content":{"rendered":"<div class=\"rtj__form form__create-company-page\"><form method='POST' id='create-company'><div><div class='form-group '><label class='form-check-label' for='create-company__name_box'>Yrityksen nimi <span class=\"required-field\" style=\"color: red;\">*<\/span><\/label><input type='text' name='rtj_company_name' id='create-company__name_box' class='form-control search-field' value='' placeholder='Lis\u00e4\u00e4 yrityksen nimi\u2028' autocomplete='off' required  ><\/div><div class=''><p class='form-legend'>Kerro meille hieman lis\u00e4\u00e4 yrityksest\u00e4<\/p><\/div><div class=\"rtj__form__company-info\"><div class='form-group '><input type='text' name='rtj_website' id='create-company__website' class='form-control ' value='' placeholder='Yrityksen verkkosivu' autocomplete='on'   ><\/div><div class='form-group '><input type='text' name='rtj_headquarters_city' id='create-company__headquarters_city' class='form-control ' value='' placeholder='P\u00e4\u00e4konttorin sijainti' autocomplete='on'   ><\/div><div class='form-group '><select name='rtj_company_type' id='create-company__company_type' class='form-control ' form='create-company'  ><option value='' selected disabled>Ty\u00f6nantajan tyyppi<\/option><option value='company_private' >Yritys - Yksityinen<\/option><option value='company_public' >Yritys - Julkinen<\/option><option value='nonprofit' >Rekister\u00f6ity yhdistys<\/option><option value='government' >Viranomainen<\/option><option value='unknown' >Ei tiedossa<\/option><\/select><\/div><div class='form-group '><select name='rtj_total_employees' id='create-company__total_employees' class='form-control ' form='create-company'  ><option value='' selected disabled>Ty\u00f6ntekij\u00f6iden m\u00e4\u00e4r\u00e4<\/option><option value='1to10' >1 > 10<\/option><option value='11to50' >11 > 50<\/option><option value='51to100' >51 > 100<\/option><option value='101to200' >101 > 200<\/option><option value='201to500' >201 to 500<\/option><option value='501to1000' >501 > 1000<\/option><option value='1000to5000' >1000 > 5000<\/option><option value='5000+' >5000+<\/option><option value='unknown' >Ei tiedossa<\/option><\/select><\/div><\/div><\/div><input type=\"hidden\" name=\"rtj_process_create_company\" value=\"1\"><input type=\"hidden\" id=\"_wpnonce\" name=\"_wpnonce\" value=\"8626de0088\" \/><input type=\"hidden\" name=\"_wp_http_referer\" value=\"\/fi\/wp-json\/wp\/v2\/pages\/2018\" \/><input class='button btn company-or-review rtj-submit' type='submit' value='Luo yritys'><\/form><\/div>\n","protected":false},"excerpt":{"rendered":"","protected":false},"author":1,"featured_media":0,"parent":0,"menu_order":0,"comment_status":"closed","ping_status":"closed","template":"page.form.php","meta":{"footnotes":""},"class_list":["post-2018","page","type-page","status-publish","hentry"],"acf":[],"yoast_head":"<!-- This site is optimized with the Yoast SEO plugin v27.3 - https:\/\/yoast.com\/product\/yoast-seo-wordpress\/ -->\n<title>Create company - Rate the job<\/title>\n<meta name=\"robots\" content=\"index, follow, max-snippet:-1, max-image-preview:large, max-video-preview:-1\" \/>\n<link rel=\"canonical\" href=\"https:\/\/ratethejob.com\/fi\/create-company\/\" \/>\n<meta property=\"og:locale\" content=\"fi_FI\" \/>\n<meta property=\"og:type\" content=\"article\" \/>\n<meta property=\"og:title\" content=\"Create company - Rate the job\" \/>\n<meta property=\"og:url\" content=\"https:\/\/ratethejob.com\/fi\/create-company\/\" \/>\n<meta property=\"og:site_name\" content=\"Rate the job\" \/>\n<meta name=\"twitter:card\" content=\"summary_large_image\" \/>\n<script type=\"application\/ld+json\" class=\"yoast-schema-graph\">{\"@context\":\"https:\\\/\\\/schema.org\",\"@graph\":[{\"@type\":\"WebPage\",\"@id\":\"https:\\\/\\\/ratethejob.com\\\/fi\\\/create-company\\\/\",\"url\":\"https:\\\/\\\/ratethejob.com\\\/fi\\\/create-company\\\/\",\"name\":\"Create company - Rate the job\",\"isPartOf\":{\"@id\":\"https:\\\/\\\/ratethejob.com\\\/#website\"},\"datePublished\":\"2019-08-23T05:45:59+00:00\",\"breadcrumb\":{\"@id\":\"https:\\\/\\\/ratethejob.com\\\/fi\\\/create-company\\\/#breadcrumb\"},\"inLanguage\":\"fi\",\"potentialAction\":[{\"@type\":\"ReadAction\",\"target\":[\"https:\\\/\\\/ratethejob.com\\\/fi\\\/create-company\\\/\"]}]},{\"@type\":\"BreadcrumbList\",\"@id\":\"https:\\\/\\\/ratethejob.com\\\/fi\\\/create-company\\\/#breadcrumb\",\"itemListElement\":[{\"@type\":\"ListItem\",\"position\":1,\"name\":\"Home\",\"item\":\"https:\\\/\\\/ratethejob.com\\\/fi\\\/\"},{\"@type\":\"ListItem\",\"position\":2,\"name\":\"Create company\"}]},{\"@type\":\"WebSite\",\"@id\":\"https:\\\/\\\/ratethejob.com\\\/#website\",\"url\":\"https:\\\/\\\/ratethejob.com\\\/\",\"name\":\"Rate the job\",\"description\":\"\",\"potentialAction\":[{\"@type\":\"SearchAction\",\"target\":{\"@type\":\"EntryPoint\",\"urlTemplate\":\"https:\\\/\\\/ratethejob.com\\\/?s={search_term_string}\"},\"query-input\":{\"@type\":\"PropertyValueSpecification\",\"valueRequired\":true,\"valueName\":\"search_term_string\"}}],\"inLanguage\":\"fi\"}]}<\/script>\n<!-- \/ Yoast SEO plugin. -->","yoast_head_json":{"title":"Create company - Rate the job","robots":{"index":"index","follow":"follow","max-snippet":"max-snippet:-1","max-image-preview":"max-image-preview:large","max-video-preview":"max-video-preview:-1"},"canonical":"https:\/\/ratethejob.com\/fi\/create-company\/","og_locale":"fi_FI","og_type":"article","og_title":"Create company - Rate the job","og_url":"https:\/\/ratethejob.com\/fi\/create-company\/","og_site_name":"Rate the job","twitter_card":"summary_large_image","schema":{"@context":"https:\/\/schema.org","@graph":[{"@type":"WebPage","@id":"https:\/\/ratethejob.com\/fi\/create-company\/","url":"https:\/\/ratethejob.com\/fi\/create-company\/","name":"Create company - Rate the job","isPartOf":{"@id":"https:\/\/ratethejob.com\/#website"},"datePublished":"2019-08-23T05:45:59+00:00","breadcrumb":{"@id":"https:\/\/ratethejob.com\/fi\/create-company\/#breadcrumb"},"inLanguage":"fi","potentialAction":[{"@type":"ReadAction","target":["https:\/\/ratethejob.com\/fi\/create-company\/"]}]},{"@type":"BreadcrumbList","@id":"https:\/\/ratethejob.com\/fi\/create-company\/#breadcrumb","itemListElement":[{"@type":"ListItem","position":1,"name":"Home","item":"https:\/\/ratethejob.com\/fi\/"},{"@type":"ListItem","position":2,"name":"Create company"}]},{"@type":"WebSite","@id":"https:\/\/ratethejob.com\/#website","url":"https:\/\/ratethejob.com\/","name":"Rate the job","description":"","potentialAction":[{"@type":"SearchAction","target":{"@type":"EntryPoint","urlTemplate":"https:\/\/ratethejob.com\/?s={search_term_string}"},"query-input":{"@type":"PropertyValueSpecification","valueRequired":true,"valueName":"search_term_string"}}],"inLanguage":"fi"}]}},"_links":{"self":[{"href":"https:\/\/ratethejob.com\/fi\/wp-json\/wp\/v2\/pages\/2018","targetHints":{"allow":["GET"]}}],"collection":[{"href":"https:\/\/ratethejob.com\/fi\/wp-json\/wp\/v2\/pages"}],"about":[{"href":"https:\/\/ratethejob.com\/fi\/wp-json\/wp\/v2\/types\/page"}],"author":[{"embeddable":true,"href":"https:\/\/ratethejob.com\/fi\/wp-json\/wp\/v2\/users\/1"}],"replies":[{"embeddable":true,"href":"https:\/\/ratethejob.com\/fi\/wp-json\/wp\/v2\/comments?post=2018"}],"version-history":[{"count":0,"href":"https:\/\/ratethejob.com\/fi\/wp-json\/wp\/v2\/pages\/2018\/revisions"}],"wp:attachment":[{"href":"https:\/\/ratethejob.com\/fi\/wp-json\/wp\/v2\/media?parent=2018"}],"curies":[{"name":"wp","href":"https:\/\/api.w.org\/{rel}","templated":true}]}}